{"id":12,"date":"2025-06-18T20:03:30","date_gmt":"2025-06-18T20:03:30","guid":{"rendered":"https:\/\/abogadaandreavargas.com\/?page_id=12"},"modified":"2025-06-19T15:04:34","modified_gmt":"2025-06-19T15:04:34","slug":"servicios","status":"publish","type":"page","link":"https:\/\/abogadaandreavargas.com\/?page_id=12","title":{"rendered":"Servicios"},"content":{"rendered":"<h4>Familia<\/h4>\n<p>Brindamos apoyo en divorcios, custodia, pensi\u00f3n alimentaria, adopciones y planificaci\u00f3n patrimonial, protegiendo sus derechos.<\/p>\n<h4>Litigio<\/h4>\n<p>Nuestro despacho de abogados trabaja en resoluci\u00f3n de conflictos y litigios en Costa Rica.<\/p>\n<h4>Negocios<\/h4>\n<p>Lo asesoramos legalmente si est\u00e1 considerando invertir en Costa Rica o en la instalaci\u00f3n de empresas.<\/p>\n<p>&nbsp;<\/p>\n","protected":false},"excerpt":{"rendered":"<p>Familia Brindamos apoyo en divorcios, custodia, pensi\u00f3n alimentaria, adopciones y planificaci\u00f3n patrimonial, protegiendo sus derechos. Litigio Nuestro despacho de abogados trabaja en resoluci\u00f3n de conflictos y litigios en Costa Rica. Negocios Lo asesoramos legalmente si est\u00e1 considerando invertir en Costa Rica o en la instalaci\u00f3n de empresas. &nbsp;<\/p>\n","protected":false},"author":1,"featured_media":39,"parent":0,"menu_order":0,"comment_status":"closed","ping_status":"closed","template":"","meta":{"footnotes":""},"class_list":["post-12","page","type-page","status-publish","has-post-thumbnail","hentry"],"_links":{"self":[{"href":"https:\/\/abogadaandreavargas.com\/index.php?rest_route=\/wp\/v2\/pages\/12","targetHints":{"allow":["GET"]}}],"collection":[{"href":"https:\/\/abogadaandreavargas.com\/index.php?rest_route=\/wp\/v2\/pages"}],"about":[{"href":"https:\/\/abogadaandreavargas.com\/index.php?rest_route=\/wp\/v2\/types\/page"}],"author":[{"embeddable":true,"href":"https:\/\/abogadaandreavargas.com\/index.php?rest_route=\/wp\/v2\/users\/1"}],"replies":[{"embeddable":true,"href":"https:\/\/abogadaandreavargas.com\/index.php?rest_route=%2Fwp%2Fv2%2Fcomments&post=12"}],"version-history":[{"count":2,"href":"https:\/\/abogadaandreavargas.com\/index.php?rest_route=\/wp\/v2\/pages\/12\/revisions"}],"predecessor-version":[{"id":50,"href":"https:\/\/abogadaandreavargas.com\/index.php?rest_route=\/wp\/v2\/pages\/12\/revisions\/50"}],"wp:featuredmedia":[{"embeddable":true,"href":"https:\/\/abogadaandreavargas.com\/index.php?rest_route=\/wp\/v2\/media\/39"}],"wp:attachment":[{"href":"https:\/\/abogadaandreavargas.com\/index.php?rest_route=%2Fwp%2Fv2%2Fmedia&parent=12"}],"curies":[{"name":"wp","href":"https:\/\/api.w.org\/{rel}","templated":true}]}}